{"id":163,"date":"2020-10-24T20:41:51","date_gmt":"2020-10-24T23:41:51","guid":{"rendered":"http:\/\/www.etan.com.br\/wp\/?page_id=163"},"modified":"2020-11-15T23:12:14","modified_gmt":"2020-11-16T02:12:14","slug":"tecnico-de-meio-ambiente","status":"publish","type":"page","link":"https:\/\/www.etan.com.br\/wp\/tecnico-de-meio-ambiente\/","title":{"rendered":"T\u00e9cnico de Meio Ambiente"},"content":{"rendered":"\t\t<div data-elementor-type=\"wp-page\" data-elementor-id=\"163\" class=\"elementor elementor-163\">\n\t\t\t\t\t\t<section class=\"elementor-section elementor-top-section elementor-element elementor-element-170b856 elementor-section-boxed elementor-section-height-default elementor-section-height-default\" data-id=\"170b856\" data-element_type=\"section\">\n\t\t\t\t\t\t<div class=\"elementor-container elementor-column-gap-default\">\n\t\t\t\t\t<div class=\"elementor-column elementor-col-20 elementor-top-column elementor-element elementor-element-637cadc\" data-id=\"637cadc\" data-element_type=\"column\">\n\t\t\t<div class=\"elementor-widget-wrap elementor-element-populated\">\n\t\t\t\t\t\t<div class=\"elementor-element elementor-element-7a1c021 elementor-widget__width-auto elementor-widget elementor-widget-heading\" data-id=\"7a1c021\" data-element_type=\"widget\" data-widget_type=\"heading.default\">\n\t\t\t\t<div class=\"elementor-widget-container\">\n\t\t\t\t\t<h2 class=\"elementor-heading-title elementor-size-medium\">Dura\u00e7\u00e3o: 1 ano - semipresencial<\/h2>\t\t\t\t<\/div>\n\t\t\t\t<\/div>\n\t\t\t\t\t<\/div>\n\t\t<\/div>\n\t\t\t\t<div class=\"elementor-column elementor-col-20 elementor-top-column elementor-element elementor-element-2873da6\" data-id=\"2873da6\" data-element_type=\"column\">\n\t\t\t<div class=\"elementor-widget-wrap\">\n\t\t\t\t\t\t\t<\/div>\n\t\t<\/div>\n\t\t\t\t<div class=\"elementor-column elementor-col-20 elementor-top-column elementor-element elementor-element-f2a9f34\" data-id=\"f2a9f34\" data-element_type=\"column\">\n\t\t\t<div class=\"elementor-widget-wrap\">\n\t\t\t\t\t\t\t<\/div>\n\t\t<\/div>\n\t\t\t\t<div class=\"elementor-column elementor-col-20 elementor-top-column elementor-element elementor-element-1f695d8\" data-id=\"1f695d8\" data-element_type=\"column\">\n\t\t\t<div class=\"elementor-widget-wrap\">\n\t\t\t\t\t\t\t<\/div>\n\t\t<\/div>\n\t\t\t\t<div class=\"elementor-column elementor-col-20 elementor-top-column elementor-element elementor-element-0303d6d\" data-id=\"0303d6d\" data-element_type=\"column\">\n\t\t\t<div class=\"elementor-widget-wrap\">\n\t\t\t\t\t\t\t<\/div>\n\t\t<\/div>\n\t\t\t\t\t<\/div>\n\t\t<\/section>\n\t\t\t\t<section class=\"elementor-section elementor-top-section elementor-element elementor-element-d17be6e elementor-section-boxed elementor-section-height-default elementor-section-height-default\" data-id=\"d17be6e\" data-element_type=\"section\">\n\t\t\t\t\t\t<div class=\"elementor-container elementor-column-gap-default\">\n\t\t\t\t\t<div class=\"elementor-column elementor-col-100 elementor-top-column elementor-element elementor-element-5ec2db8\" data-id=\"5ec2db8\" data-element_type=\"column\">\n\t\t\t<div class=\"elementor-widget-wrap elementor-element-populated\">\n\t\t\t\t\t\t<section class=\"elementor-section elementor-inner-section elementor-element elementor-element-db4434a elementor-section-boxed elementor-section-height-default elementor-section-height-default\" data-id=\"db4434a\" data-element_type=\"section\">\n\t\t\t\t\t\t<div class=\"elementor-container elementor-column-gap-default\">\n\t\t\t\t\t<div class=\"elementor-column elementor-col-50 elementor-inner-column elementor-element elementor-element-291e3d5\" data-id=\"291e3d5\" data-element_type=\"column\">\n\t\t\t<div class=\"elementor-widget-wrap elementor-element-populated\">\n\t\t\t\t\t\t<div class=\"elementor-element elementor-element-2d27ee8 elementor-widget elementor-widget-text-editor\" data-id=\"2d27ee8\" data-element_type=\"widget\" data-widget_type=\"text-editor.default\">\n\t\t\t\t<div class=\"elementor-widget-container\">\n\t\t\t\t\t\t\t\t\t<p><span style=\"color: #003366;\">O T\u00e9cnico em Meio Ambiente atua na \u00e1rea industrial, agr\u00edcola, florestal, em \u00f3rg\u00e3os governamentais e privados voltados \u00e0 quest\u00e3o ambiental, desenvolvendo ativi<\/span><span style=\"color: #003366;\">dades que objetivam a educa\u00e7\u00e3o e a preserva\u00e7\u00e3o do meio ambiente, auxiliando na gest\u00e3o ambiental.<\/span><\/p><p><span style=\"color: #003366;\">O profissional t\u00e9cnico em Meio Ambiente coleta, armazena e interpreta informa\u00e7\u00f5es, dados e documenta\u00e7\u00f5es ambientais. Colabora na elabora\u00e7\u00e3o de laudos, relat\u00f3rios e estudos ambientais. Auxilia na elabora\u00e7\u00e3o, acompanhamento e execu\u00e7\u00e3o de sistemas de gest\u00e3o ambiental. Atua na organiza\u00e7\u00e3o de programas de educa\u00e7\u00e3o ambiental, de conserva\u00e7\u00e3o e preserva\u00e7\u00e3o de recursos naturais, de redu\u00e7\u00e3o, re\u00faso e reciclagem. Identifica as interven\u00e7\u00f5es ambientais, analisa suas consequ\u00eancias e operacionaliza a execu\u00e7\u00e3o de a\u00e7\u00f5es para preserva\u00e7\u00e3o, conserva\u00e7\u00e3o, otimiza\u00e7\u00e3o, minimiza\u00e7\u00e3o e remedia\u00e7\u00e3o dos seus efeitos.<\/span><\/p><div id=\"njcdgcofcbnlbpkpdhmlmiblaglnkpnj\">\u00a0<\/div>\t\t\t\t\t\t\t\t<\/div>\n\t\t\t\t<\/div>\n\t\t\t\t\t<\/div>\n\t\t<\/div>\n\t\t\t\t<div class=\"elementor-column elementor-col-50 elementor-inner-column elementor-element elementor-element-fa121c1\" data-id=\"fa121c1\" data-element_type=\"column\">\n\t\t\t<div class=\"elementor-widget-wrap elementor-element-populated\">\n\t\t\t\t\t\t<div class=\"elementor-element elementor-element-8d2d00c elementor-widget elementor-widget-text-editor\" data-id=\"8d2d00c\" data-element_type=\"widget\" data-widget_type=\"text-editor.default\">\n\t\t\t\t<div class=\"elementor-widget-container\">\n\t\t\t\t\t\t\t\t\t<div id=\"wb_element_instance219\" class=\"wb_element wb_text_element\"><p class=\"wb-stl-normal\"><span style=\"text-decoration: underline; color: #ffffff;\"><strong>COMPONENTES CURRICULARES<\/strong><\/span><\/p><p class=\"wb-stl-normal\"><span style=\"color: #ffffff;\"><strong>\u00a0<\/strong><\/span><\/p><\/div><div id=\"wb_element_instance220\" class=\"wb_element wb_text_element\"><p><span style=\"color: #ffffff;\">\u2022 Geoci\u00eancias<\/span><\/p><p><span style=\"color: #ffffff;\">\u2022 Microbiologia<\/span><\/p><p><span style=\"color: #ffffff;\">\u2022 Gest\u00e3o e Leg. Ambiental<\/span><\/p><p><span style=\"color: #ffffff;\">\u2022 Saneamento Ambiental<\/span><\/p><p><span style=\"color: #ffffff;\">\u2022 Avalia\u00e7\u00e3o de Impacto Ambiental<\/span><\/p><p><span style=\"color: #ffffff;\">\u2022 Tratam. de \u00c1guas e Res\u00edduos<\/span><\/p><p><span style=\"color: #ffffff;\">\u2022 Ecologia e Rec. Naturais<\/span><\/p><p><span style=\"color: #ffffff;\">\u2022 Educa\u00e7\u00e3o Ambiental<\/span><\/p><p><span style=\"color: #ffffff;\">\u2022 Projetos Ambientais<\/span><\/p><\/div><div id=\"njcdgcofcbnlbpkpdhmlmiblaglnkpnj\">\u00a0<\/div>\t\t\t\t\t\t\t\t<\/div>\n\t\t\t\t<\/div>\n\t\t\t\t\t<\/div>\n\t\t<\/div>\n\t\t\t\t\t<\/div>\n\t\t<\/section>\n\t\t\t\t\t<\/div>\n\t\t<\/div>\n\t\t\t\t\t<\/div>\n\t\t<\/section>\n\t\t\t\t<\/div>\n\t\t","protected":false},"excerpt":{"rendered":"<p>Dura\u00e7\u00e3o: 1 ano &#8211; semipresencial Documenta\u00e7\u00e3o Contato O T\u00e9cnico em Meio Ambiente atua na \u00e1rea industrial, agr\u00edcola, florestal, em \u00f3rg\u00e3os governamentais e privados voltados \u00e0 quest\u00e3o ambiental, desenvolvendo atividades que objetivam a educa\u00e7\u00e3o e a preserva\u00e7\u00e3o do meio ambiente, auxiliando na gest\u00e3o ambiental. O profissional t\u00e9cnico em Meio Ambiente coleta, armazena e interpreta informa\u00e7\u00f5es, dados&hellip; <br \/> <a class=\"read-more\" href=\"https:\/\/www.etan.com.br\/wp\/tecnico-de-meio-ambiente\/\">Leia mais<\/a><\/p>\n","protected":false},"author":1,"featured_media":0,"parent":0,"menu_order":0,"comment_status":"closed","ping_status":"closed","template":"","meta":{"footnotes":""},"class_list":["post-163","page","type-page","status-publish","hentry"],"_links":{"self":[{"href":"https:\/\/www.etan.com.br\/wp\/wp-json\/wp\/v2\/pages\/163","targetHints":{"allow":["GET"]}}],"collection":[{"href":"https:\/\/www.etan.com.br\/wp\/wp-json\/wp\/v2\/pages"}],"about":[{"href":"https:\/\/www.etan.com.br\/wp\/wp-json\/wp\/v2\/types\/page"}],"author":[{"embeddable":true,"href":"https:\/\/www.etan.com.br\/wp\/wp-json\/wp\/v2\/users\/1"}],"replies":[{"embeddable":true,"href":"https:\/\/www.etan.com.br\/wp\/wp-json\/wp\/v2\/comments?post=163"}],"version-history":[{"count":8,"href":"https:\/\/www.etan.com.br\/wp\/wp-json\/wp\/v2\/pages\/163\/revisions"}],"predecessor-version":[{"id":435,"href":"https:\/\/www.etan.com.br\/wp\/wp-json\/wp\/v2\/pages\/163\/revisions\/435"}],"wp:attachment":[{"href":"https:\/\/www.etan.com.br\/wp\/wp-json\/wp\/v2\/media?parent=163"}],"curies":[{"name":"wp","href":"https:\/\/api.w.org\/{rel}","templated":true}]}}