{"id":165,"date":"2020-10-24T20:41:53","date_gmt":"2020-10-24T23:41:53","guid":{"rendered":"http:\/\/www.etan.com.br\/wp\/?page_id=165"},"modified":"2020-11-15T23:16:09","modified_gmt":"2020-11-16T02:16:09","slug":"tecnico-de-recursos-humanos","status":"publish","type":"page","link":"https:\/\/www.etan.com.br\/wp\/tecnico-de-recursos-humanos\/","title":{"rendered":"T\u00e9cnico de Recursos Humanos"},"content":{"rendered":"\t\t<div data-elementor-type=\"wp-page\" data-elementor-id=\"165\" class=\"elementor elementor-165\">\n\t\t\t\t\t\t<section class=\"elementor-section elementor-top-section elementor-element elementor-element-c2d7ca7 elementor-section-boxed elementor-section-height-default elementor-section-height-default\" data-id=\"c2d7ca7\" data-element_type=\"section\">\n\t\t\t\t\t\t<div class=\"elementor-container elementor-column-gap-default\">\n\t\t\t\t\t<div class=\"elementor-column elementor-col-20 elementor-top-column elementor-element elementor-element-68bb8d8\" data-id=\"68bb8d8\" data-element_type=\"column\">\n\t\t\t<div class=\"elementor-widget-wrap elementor-element-populated\">\n\t\t\t\t\t\t<div class=\"elementor-element elementor-element-797e07a elementor-widget__width-auto elementor-widget elementor-widget-heading\" data-id=\"797e07a\" data-element_type=\"widget\" data-widget_type=\"heading.default\">\n\t\t\t\t<div class=\"elementor-widget-container\">\n\t\t\t\t\t<h2 class=\"elementor-heading-title elementor-size-medium\">Dura\u00e7\u00e3o: 1 ano - semipresencial<\/h2>\t\t\t\t<\/div>\n\t\t\t\t<\/div>\n\t\t\t\t\t<\/div>\n\t\t<\/div>\n\t\t\t\t<div class=\"elementor-column elementor-col-20 elementor-top-column elementor-element elementor-element-907a570\" data-id=\"907a570\" data-element_type=\"column\">\n\t\t\t<div class=\"elementor-widget-wrap\">\n\t\t\t\t\t\t\t<\/div>\n\t\t<\/div>\n\t\t\t\t<div class=\"elementor-column elementor-col-20 elementor-top-column elementor-element elementor-element-a5482e9\" data-id=\"a5482e9\" data-element_type=\"column\">\n\t\t\t<div class=\"elementor-widget-wrap\">\n\t\t\t\t\t\t\t<\/div>\n\t\t<\/div>\n\t\t\t\t<div class=\"elementor-column elementor-col-20 elementor-top-column elementor-element elementor-element-9f93b35\" data-id=\"9f93b35\" data-element_type=\"column\">\n\t\t\t<div class=\"elementor-widget-wrap\">\n\t\t\t\t\t\t\t<\/div>\n\t\t<\/div>\n\t\t\t\t<div class=\"elementor-column elementor-col-20 elementor-top-column elementor-element elementor-element-f434195\" data-id=\"f434195\" data-element_type=\"column\">\n\t\t\t<div class=\"elementor-widget-wrap\">\n\t\t\t\t\t\t\t<\/div>\n\t\t<\/div>\n\t\t\t\t\t<\/div>\n\t\t<\/section>\n\t\t\t\t<section class=\"elementor-section elementor-top-section elementor-element elementor-element-7152f1b elementor-section-boxed elementor-section-height-default elementor-section-height-default\" data-id=\"7152f1b\" data-element_type=\"section\">\n\t\t\t\t\t\t<div class=\"elementor-container elementor-column-gap-default\">\n\t\t\t\t\t<div class=\"elementor-column elementor-col-100 elementor-top-column elementor-element elementor-element-88ef7f6\" data-id=\"88ef7f6\" data-element_type=\"column\">\n\t\t\t<div class=\"elementor-widget-wrap elementor-element-populated\">\n\t\t\t\t\t\t<section class=\"elementor-section elementor-inner-section elementor-element elementor-element-cfe43c6 elementor-section-boxed elementor-section-height-default elementor-section-height-default\" data-id=\"cfe43c6\" data-element_type=\"section\">\n\t\t\t\t\t\t<div class=\"elementor-container elementor-column-gap-default\">\n\t\t\t\t\t<div class=\"elementor-column elementor-col-50 elementor-inner-column elementor-element elementor-element-5f08f03\" data-id=\"5f08f03\" data-element_type=\"column\">\n\t\t\t<div class=\"elementor-widget-wrap elementor-element-populated\">\n\t\t\t\t\t\t<div class=\"elementor-element elementor-element-df7d439 elementor-widget elementor-widget-text-editor\" data-id=\"df7d439\" data-element_type=\"widget\" data-widget_type=\"text-editor.default\">\n\t\t\t\t<div class=\"elementor-widget-container\">\n\t\t\t\t\t\t\t\t\t<p><span style=\"color: #003366;\">O T\u00e9cnico em Recursos Humanos \u00e9&nbsp; o&nbsp; profissional&nbsp; que&nbsp; auxilia&nbsp; as&nbsp; lideran\u00e7as&nbsp; da empresa na gest\u00e3o de pessoas atrav\u00e9s da aplica\u00e7\u00e3o das ferramentas dispon\u00edveis e na organiza\u00e7\u00e3o do trabalho, executa e coordena as rotinas de administra\u00e7\u00e3o de pessoal com base na legisla\u00e7\u00e3o trabalhista e previdenci\u00e1ria, podendo atuar em organiza\u00e7\u00f5es p\u00fablicas, privadas e do terceiro setor ou em seu pr\u00f3prio neg\u00f3cio, em qualquer ramo de atividade.<\/span><\/p>\n<p><span style=\"color: #003366;\">Trabalha na execu\u00e7\u00e3o das rotinas administrativas de pessoal com base na Legisla\u00e7\u00e3o Trabalhista e Previdenci\u00e1ria. Auxilia no controle e avalia\u00e7\u00e3o de subsistemas de gerenciamento e contribui para a implementa\u00e7\u00e3o das estrat\u00e9gias organizacionais. Descreve e classifica postos de trabalho, aplica question\u00e1rios e processa informa\u00e7\u00f5es acerca dos trabalhadores. Atua nos processos de recrutamento, sele\u00e7\u00e3o e integra\u00e7\u00e3o, assessora as rela\u00e7\u00f5es de trabalho e sistemas de avalia\u00e7\u00e3o de desempenho.&nbsp;<\/span><\/p>\n<p><span style=\"color: #003366;\">Os profissionais de Recursos Humanos s\u00e3o importantes em todos os tipos de empresas do&nbsp; com\u00e9rcio varejista, ind\u00fastria, setor p\u00fablico, consultoria empresarial, servi\u00e7os de sa\u00fade e hospitalares, institui\u00e7\u00f5es financeiras, entre outras.&nbsp;<\/span><span style=\"color: rgb(0, 51, 102); font-family: var( --e-global-typography-text-font-family ); font-weight: var( --e-global-typography-text-font-weight );\">Suas responsabilidades e atribui\u00e7\u00f5es variam de acordo com o tipo, tamanho e setor da empresa.<\/span><\/p>\n<p><span style=\"color: #003366;\">Este profissional pode optar por ser generalista e fazer de tudo um pouco, ou se especializar em alguma das \u00e1reas como recrutamento e sele\u00e7\u00e3o, treinamento, benef\u00edcios, etc.<\/span><\/p>\t\t\t\t\t\t\t\t<\/div>\n\t\t\t\t<\/div>\n\t\t\t\t\t<\/div>\n\t\t<\/div>\n\t\t\t\t<div class=\"elementor-column elementor-col-50 elementor-inner-column elementor-element elementor-element-4e83cbb\" data-id=\"4e83cbb\" data-element_type=\"column\">\n\t\t\t<div class=\"elementor-widget-wrap elementor-element-populated\">\n\t\t\t\t\t\t<div class=\"elementor-element elementor-element-4c7426d elementor-widget elementor-widget-text-editor\" data-id=\"4c7426d\" data-element_type=\"widget\" data-widget_type=\"text-editor.default\">\n\t\t\t\t<div class=\"elementor-widget-container\">\n\t\t\t\t\t\t\t\t\t<div id=\"wb_element_instance267\" class=\"wb_element wb_text_element\"><p class=\"wb-stl-normal\"><span style=\"text-decoration: underline; color: #000080;\"><strong>COMPONENTES CURRICULARES<\/strong><\/span><\/p><p class=\"wb-stl-normal\"><span style=\"color: #000080; font-family: var( --e-global-typography-text-font-family );\">\u2022 Administra\u00e7\u00e3o\u00a0Geral<\/span><\/p><\/div><div id=\"wb_element_instance268\" class=\"wb_element wb_text_element\"><p><span style=\"color: #000080;\">\u2022 Matem\u00e1tica Financeira<\/span><\/p><p><span style=\"color: #000080;\">\u2022 Gest\u00e3o de Pessoas<\/span><\/p><p><span style=\"color: #000080;\">\u2022 Direito e Legisla\u00e7\u00e3o<\/span><\/p><p><span style=\"color: #000080;\">\u2022 An\u00e1lise de Cargos<\/span><\/p><p><span style=\"color: #000080;\">\u2022 Rotinas Trabalhistas<\/span><\/p><p><span style=\"color: #000080;\">\u2022 Forma\u00e7\u00e3o Pessoal<\/span><\/p><p><span style=\"color: #000080;\">\u2022 Estat\u00edstica<\/span><\/p><p><span style=\"color: #000080;\">\u2022 Economia e Mercados<\/span><\/p><\/div><div id=\"njcdgcofcbnlbpkpdhmlmiblaglnkpnj\">\u00a0<\/div><div id=\"njcdgcofcbnlbpkpdhmlmiblaglnkpnj\">\u00a0<\/div><div id=\"njcdgcofcbnlbpkpdhmlmiblaglnkpnj\">\u00a0<\/div><div id=\"njcdgcofcbnlbpkpdhmlmiblaglnkpnj\">\u00a0<\/div><div id=\"njcdgcofcbnlbpkpdhmlmiblaglnkpnj\">\u00a0<\/div><div id=\"njcdgcofcbnlbpkpdhmlmiblaglnkpnj\">\u00a0<\/div><div id=\"njcdgcofcbnlbpkpdhmlmiblaglnkpnj\">\u00a0<\/div><div id=\"njcdgcofcbnlbpkpdhmlmiblaglnkpnj\">\u00a0<\/div><div id=\"njcdgcofcbnlbpkpdhmlmiblaglnkpnj\">\u00a0<\/div><div id=\"njcdgcofcbnlbpkpdhmlmiblaglnkpnj\">\u00a0<\/div><div id=\"njcdgcofcbnlbpkpdhmlmiblaglnkpnj\">\u00a0<\/div><div id=\"njcdgcofcbnlbpkpdhmlmiblaglnkpnj\">\u00a0<\/div><div id=\"njcdgcofcbnlbpkpdhmlmiblaglnkpnj\">\u00a0<\/div>\t\t\t\t\t\t\t\t<\/div>\n\t\t\t\t<\/div>\n\t\t\t\t\t<\/div>\n\t\t<\/div>\n\t\t\t\t\t<\/div>\n\t\t<\/section>\n\t\t\t\t\t<\/div>\n\t\t<\/div>\n\t\t\t\t\t<\/div>\n\t\t<\/section>\n\t\t\t\t<\/div>\n\t\t","protected":false},"excerpt":{"rendered":"<p>Dura\u00e7\u00e3o: 1 ano &#8211; semipresencial Documenta\u00e7\u00e3o Contato O T\u00e9cnico em Recursos Humanos \u00e9&nbsp; o&nbsp; profissional&nbsp; que&nbsp; auxilia&nbsp; as&nbsp; lideran\u00e7as&nbsp; da empresa na gest\u00e3o de pessoas atrav\u00e9s da aplica\u00e7\u00e3o das ferramentas dispon\u00edveis e na organiza\u00e7\u00e3o do trabalho, executa e coordena as rotinas de administra\u00e7\u00e3o de pessoal com base na legisla\u00e7\u00e3o trabalhista e previdenci\u00e1ria, podendo atuar em&hellip; <br \/> <a class=\"read-more\" href=\"https:\/\/www.etan.com.br\/wp\/tecnico-de-recursos-humanos\/\">Leia mais<\/a><\/p>\n","protected":false},"author":1,"featured_media":0,"parent":0,"menu_order":0,"comment_status":"closed","ping_status":"closed","template":"","meta":{"footnotes":""},"class_list":["post-165","page","type-page","status-publish","hentry"],"_links":{"self":[{"href":"https:\/\/www.etan.com.br\/wp\/wp-json\/wp\/v2\/pages\/165","targetHints":{"allow":["GET"]}}],"collection":[{"href":"https:\/\/www.etan.com.br\/wp\/wp-json\/wp\/v2\/pages"}],"about":[{"href":"https:\/\/www.etan.com.br\/wp\/wp-json\/wp\/v2\/types\/page"}],"author":[{"embeddable":true,"href":"https:\/\/www.etan.com.br\/wp\/wp-json\/wp\/v2\/users\/1"}],"replies":[{"embeddable":true,"href":"https:\/\/www.etan.com.br\/wp\/wp-json\/wp\/v2\/comments?post=165"}],"version-history":[{"count":6,"href":"https:\/\/www.etan.com.br\/wp\/wp-json\/wp\/v2\/pages\/165\/revisions"}],"predecessor-version":[{"id":441,"href":"https:\/\/www.etan.com.br\/wp\/wp-json\/wp\/v2\/pages\/165\/revisions\/441"}],"wp:attachment":[{"href":"https:\/\/www.etan.com.br\/wp\/wp-json\/wp\/v2\/media?parent=165"}],"curies":[{"name":"wp","href":"https:\/\/api.w.org\/{rel}","templated":true}]}}